{"id":10,"date":"2023-11-02T18:58:38","date_gmt":"2023-11-02T18:58:38","guid":{"rendered":"https:\/\/www.saukliukapela.lt\/?page_id=10"},"modified":"2026-01-26T12:16:42","modified_gmt":"2026-01-26T12:16:42","slug":"galerija","status":"publish","type":"page","link":"https:\/\/www.saukliukapela.lt\/?page_id=10","title":{"rendered":"Galerija"},"content":{"rendered":"\n<p class=\"has-medium-font-size\">Keletas akimirk\u0173 i\u0161 m\u016bs\u0173 gyvenimo, koncert\u0173 ir repeticij\u0173.<\/p>\n\n\n\n<div class=\"wp-block-group\"><div class=\"wp-block-group__inner-container is-layout-constrained wp-block-group-is-layout-constrained\">\nngg_shortcode_0_placeholder\n<\/div><\/div>\n","protected":false},"excerpt":{"rendered":"<p>Keletas akimirk\u0173 i\u0161 m\u016bs\u0173 gyvenimo, koncert\u0173 ir repeticij\u0173.<\/p>\n","protected":false},"author":1,"featured_media":0,"parent":0,"menu_order":0,"comment_status":"closed","ping_status":"closed","template":"","meta":{"ngg_post_thumbnail":0,"footnotes":""},"class_list":["post-10","page","type-page","status-publish","hentry"],"_links":{"self":[{"href":"https:\/\/www.saukliukapela.lt\/index.php?rest_route=\/wp\/v2\/pages\/10","targetHints":{"allow":["GET"]}}],"collection":[{"href":"https:\/\/www.saukliukapela.lt\/index.php?rest_route=\/wp\/v2\/pages"}],"about":[{"href":"https:\/\/www.saukliukapela.lt\/index.php?rest_route=\/wp\/v2\/types\/page"}],"author":[{"embeddable":true,"href":"https:\/\/www.saukliukapela.lt\/index.php?rest_route=\/wp\/v2\/users\/1"}],"replies":[{"embeddable":true,"href":"https:\/\/www.saukliukapela.lt\/index.php?rest_route=%2Fwp%2Fv2%2Fcomments&post=10"}],"version-history":[{"count":21,"href":"https:\/\/www.saukliukapela.lt\/index.php?rest_route=\/wp\/v2\/pages\/10\/revisions"}],"predecessor-version":[{"id":637,"href":"https:\/\/www.saukliukapela.lt\/index.php?rest_route=\/wp\/v2\/pages\/10\/revisions\/637"}],"wp:attachment":[{"href":"https:\/\/www.saukliukapela.lt\/index.php?rest_route=%2Fwp%2Fv2%2Fmedia&parent=10"}],"curies":[{"name":"wp","href":"https:\/\/api.w.org\/{rel}","templated":true}]}}