{"id":11,"date":"2023-11-02T18:58:38","date_gmt":"2023-11-02T18:58:38","guid":{"rendered":"https:\/\/www.saukliukapela.lt\/?page_id=11"},"modified":"2025-05-05T13:13:41","modified_gmt":"2025-05-05T13:13:41","slug":"video","status":"publish","type":"page","link":"https:\/\/www.saukliukapela.lt\/?page_id=11","title":{"rendered":"Video"},"content":{"rendered":"\n<p>Akimirkos i\u0161 mamos dienos koncerto (3 metuk\u0173 kapelos gimtadienis)<\/p>\n\n\n\n<figure class=\"wp-block-embed is-type-video is-provider-youtube wp-block-embed-youtube wp-embed-aspect-16-9 wp-has-aspect-ratio\"><div class=\"wp-block-embed__wrapper\">\n<iframe title=\"\u0160aukli\u0173 kaimo kapelos &quot;Kadagys&quot; 3 met\u0173 gimtadienis :)\" width=\"1140\" height=\"641\" src=\"https:\/\/www.youtube.com\/embed\/gGjkZGUw9a0?feature=oembed\" frameborder=\"0\" allow=\"accelerometer; autoplay; clipboard-write; encrypted-media; gyroscope; picture-in-picture; web-share\" referrerpolicy=\"strict-origin-when-cross-origin\" allowfullscreen><\/iframe>\n<\/div><\/figure>\n\n\n\n<p>&#8222;Bajor\u0117lis&#8221;<\/p>\n\n\n\n<figure class=\"wp-block-embed is-type-video is-provider-youtube wp-block-embed-youtube wp-embed-aspect-16-9 wp-has-aspect-ratio\"><div class=\"wp-block-embed__wrapper\">\n<iframe title=\"\u0160aukli\u0173 kaimo kapela &quot;Kadagys&quot; - Bajor\u0117lis (\u017duvien\u0117s virimo \u010dempionatas \u0160aukliuose)\" width=\"1140\" height=\"641\" src=\"https:\/\/www.youtube.com\/embed\/zmbVIg7H__Q?feature=oembed\" frameborder=\"0\" allow=\"accelerometer; autoplay; clipboard-write; encrypted-media; gyroscope; picture-in-picture; web-share\" referrerpolicy=\"strict-origin-when-cross-origin\" allowfullscreen><\/iframe>\n<\/div><\/figure>\n\n\n\n<p>Stasio POLKA i\u0161 mamos dienos koncerto (2 metuk\u0173 kapelos gimtadienis) <\/p>\n\n\n\n<p><\/p>\n\n\n\n<figure class=\"wp-block-embed is-type-video is-provider-youtube wp-block-embed-youtube wp-embed-aspect-16-9 wp-has-aspect-ratio\"><div class=\"wp-block-embed__wrapper\">\n<iframe title=\"Stasio POLKA - \u0160aukli\u0173 kaimo kapela &quot;Kadagys&quot;\" width=\"1140\" height=\"641\" src=\"https:\/\/www.youtube.com\/embed\/ryJFnqbi71g?feature=oembed\" frameborder=\"0\" allow=\"accelerometer; autoplay; clipboard-write; encrypted-media; gyroscope; picture-in-picture; web-share\" referrerpolicy=\"strict-origin-when-cross-origin\" allowfullscreen><\/iframe>\n<\/div><figcaption class=\"wp-element-caption\">&#8222;Man palink\u0117ki ger\u0173 kal\u0117d\u0173&#8221;. <br>&#8222;Kadagio&#8221; kolektyvas sveikina visus su art\u0117jan\u010diomis \u0161vent\u0117mis!<\/figcaption><\/figure>\n\n\n\n<figure class=\"wp-block-embed is-type-video is-provider-youtube wp-block-embed-youtube wp-embed-aspect-16-9 wp-has-aspect-ratio\"><div class=\"wp-block-embed__wrapper\">\n<iframe title=\"Man palink\u0117ki ger\u0173 kal\u0117d\u0173! (&quot;Kadagio&quot; Kal\u0117dos) - \u0160aukli\u0173 kaimo kapela\" width=\"1140\" height=\"641\" src=\"https:\/\/www.youtube.com\/embed\/5MQnEdhmxbI?feature=oembed\" frameborder=\"0\" allow=\"accelerometer; autoplay; clipboard-write; encrypted-media; gyroscope; picture-in-picture; web-share\" referrerpolicy=\"strict-origin-when-cross-origin\" allowfullscreen><\/iframe>\n<\/div><\/figure>\n\n\n\n<p>Ma\u017eai koncert\u0173 b\u0117ra be kultini\u0173 &#8222;<strong>Jazmin\u0173<\/strong>&#8222;<\/p>\n\n\n\n<figure class=\"wp-block-embed is-type-video is-provider-youtube wp-block-embed-youtube wp-embed-aspect-4-3 wp-has-aspect-ratio\"><div class=\"wp-block-embed__wrapper\">\n<iframe title=\"\u0160aukli\u0173 kaimo kapela Kadagys - Jazminai\" width=\"1140\" height=\"855\" src=\"https:\/\/www.youtube.com\/embed\/VXLh_rUZi_8?feature=oembed\" frameborder=\"0\" allow=\"accelerometer; autoplay; clipboard-write; encrypted-media; gyroscope; picture-in-picture; web-share\" referrerpolicy=\"strict-origin-when-cross-origin\" allowfullscreen><\/iframe>\n<\/div><\/figure>\n\n\n\n<p><strong>Marceliuk\u0117s polka <\/strong>(Viek\u0161niai) &#8211; Prad\u017eioje ne\u012fsigarsino kontrabosas, tai prireik\u0117 laiko kol \u012fsiva\u017eiavom \ud83d\ude42<\/p>\n\n\n\n<figure class=\"wp-block-embed is-type-video is-provider-youtube wp-block-embed-youtube wp-embed-aspect-16-9 wp-has-aspect-ratio\"><div class=\"wp-block-embed__wrapper\">\n<iframe title=\",,Marceliuk\u0117s polka&#039;&#039;- Kapela ,,Kadagys&#039;&#039;\" width=\"1140\" height=\"641\" src=\"https:\/\/www.youtube.com\/embed\/3PudYF74Kek?feature=oembed\" frameborder=\"0\" allow=\"accelerometer; autoplay; clipboard-write; encrypted-media; gyroscope; picture-in-picture; web-share\" referrerpolicy=\"strict-origin-when-cross-origin\" allowfullscreen><\/iframe>\n<\/div><\/figure>\n\n\n\n<p><br>Sedos jurginas 2023 &#8211; <strong>Piemenait\u0117 <\/strong>ir <strong>Tyliai banguoja j\u016bra<\/strong><\/p>\n\n\n\n<figure class=\"wp-block-embed is-type-video is-provider-youtube wp-block-embed-youtube wp-embed-aspect-16-9 wp-has-aspect-ratio\"><div class=\"wp-block-embed__wrapper\">\n<iframe title=\",,Sedos jurginas- 2023&#039;&#039;Dainos-,,J\u016bra banguoja&#039;&#039;ir ,,Piemenait\u0117&#039;&#039;-atlieka,,Kadagys&#039;&#039;\" width=\"1140\" height=\"641\" src=\"https:\/\/www.youtube.com\/embed\/cPDEymodtaE?feature=oembed\" frameborder=\"0\" allow=\"accelerometer; autoplay; clipboard-write; encrypted-media; gyroscope; picture-in-picture; web-share\" referrerpolicy=\"strict-origin-when-cross-origin\" allowfullscreen><\/iframe>\n<\/div><\/figure>\n\n\n\n<p><strong>Kadais palei m\u0117lyn\u0105 j\u016br\u0105<\/strong><\/p>\n\n\n\n<figure class=\"wp-block-embed is-type-video is-provider-youtube wp-block-embed-youtube wp-embed-aspect-16-9 wp-has-aspect-ratio\"><div class=\"wp-block-embed__wrapper\">\n<iframe title=\"\u0160aukli\u0173 kaimo kapela &quot;Kadagys&quot; - Kadais palei m\u0117lyn\u0105 j\u016br\u0105\" width=\"1140\" height=\"641\" src=\"https:\/\/www.youtube.com\/embed\/go0x90aXZcI?feature=oembed\" frameborder=\"0\" allow=\"accelerometer; autoplay; clipboard-write; encrypted-media; gyroscope; picture-in-picture; web-share\" referrerpolicy=\"strict-origin-when-cross-origin\" allowfullscreen><\/iframe>\n<\/div><\/figure>\n\n\n\n<p><br><br><strong>Tyliai Banguoja j\u016bra <\/strong>(Bukant\u0117 &#8211; \u017demait\u0117s muziejus)<\/p>\n\n\n\n<figure class=\"wp-block-embed is-type-video is-provider-youtube wp-block-embed-youtube wp-embed-aspect-16-9 wp-has-aspect-ratio\"><div class=\"wp-block-embed__wrapper\">\n<iframe title=\"\u0160aukli\u0173 kaimo kapela &quot;Kadagys&quot; - Tyliai banguoja j\u016bra\" width=\"1140\" height=\"641\" src=\"https:\/\/www.youtube.com\/embed\/gSKqTTsLTlY?feature=oembed\" frameborder=\"0\" allow=\"accelerometer; autoplay; clipboard-write; encrypted-media; gyroscope; picture-in-picture; web-share\" referrerpolicy=\"strict-origin-when-cross-origin\" allowfullscreen><\/iframe>\n<\/div><\/figure>\n","protected":false},"excerpt":{"rendered":"<p>Akimirkos i\u0161 mamos dienos koncerto (3 metuk\u0173 kapelos gimtadienis) &#8222;Bajor\u0117lis&#8221; Stasio POLKA i\u0161 mamos dienos koncerto (2 metuk\u0173 kapelos gimtadienis) Ma\u017eai koncert\u0173 b\u0117ra be kultini\u0173 &#8222;Jazmin\u0173&#8222; Marceliuk\u0117s polka (Viek\u0161niai) &#8211; Prad\u017eioje ne\u012fsigarsino kontrabosas, tai prireik\u0117 laiko kol \u012fsiva\u017eiavom \ud83d\ude42 Sedos jurginas 2023 &#8211; Piemenait\u0117 ir Tyliai banguoja j\u016bra Kadais palei m\u0117lyn\u0105 j\u016br\u0105 Tyliai Banguoja j\u016bra [&hellip;]<\/p>\n","protected":false},"author":1,"featured_media":0,"parent":0,"menu_order":0,"comment_status":"closed","ping_status":"closed","template":"","meta":{"ngg_post_thumbnail":0,"footnotes":""},"class_list":["post-11","page","type-page","status-publish","hentry"],"_links":{"self":[{"href":"https:\/\/www.saukliukapela.lt\/index.php?rest_route=\/wp\/v2\/pages\/11","targetHints":{"allow":["GET"]}}],"collection":[{"href":"https:\/\/www.saukliukapela.lt\/index.php?rest_route=\/wp\/v2\/pages"}],"about":[{"href":"https:\/\/www.saukliukapela.lt\/index.php?rest_route=\/wp\/v2\/types\/page"}],"author":[{"embeddable":true,"href":"https:\/\/www.saukliukapela.lt\/index.php?rest_route=\/wp\/v2\/users\/1"}],"replies":[{"embeddable":true,"href":"https:\/\/www.saukliukapela.lt\/index.php?rest_route=%2Fwp%2Fv2%2Fcomments&post=11"}],"version-history":[{"count":10,"href":"https:\/\/www.saukliukapela.lt\/index.php?rest_route=\/wp\/v2\/pages\/11\/revisions"}],"predecessor-version":[{"id":564,"href":"https:\/\/www.saukliukapela.lt\/index.php?rest_route=\/wp\/v2\/pages\/11\/revisions\/564"}],"wp:attachment":[{"href":"https:\/\/www.saukliukapela.lt\/index.php?rest_route=%2Fwp%2Fv2%2Fmedia&parent=11"}],"curies":[{"name":"wp","href":"https:\/\/api.w.org\/{rel}","templated":true}]}}