{"id":12,"date":"2023-11-02T18:58:38","date_gmt":"2023-11-02T18:58:38","guid":{"rendered":"https:\/\/www.saukliukapela.lt\/?page_id=12"},"modified":"2025-05-06T12:46:40","modified_gmt":"2025-05-06T12:46:40","slug":"kontaktai","status":"publish","type":"page","link":"https:\/\/www.saukliukapela.lt\/?page_id=12","title":{"rendered":"Kontaktai"},"content":{"rendered":"\n<p>Asociacija &#8222;\u0160aukli\u0173 kadagys&#8221; (\u0160aukli\u0173 kaimo kapela &#8222;Kadagys&#8221;) <br>\u012fm.k 307160633<br>Banko s\u0105skaita: LT937300010194280555 (Swedbank)<\/p>\n\n\n\n<p>vadovas Linas Sendrauskas +370 616 50582<br><a href=\"mailto:\">saukliukapela@gmail.com<\/a><\/p>\n\n\n\n<p>Mos\u0117d\u017eio g 59, \u0160aukli\u0173 km, Skuodo raj.<\/p>\n\n\n\n<p><strong>Su mumis galite susisiekti u\u017epild\u0119 \u0161i\u0105 form\u0105.<\/strong><\/p>\n\n\n\n<div class=\"wp-block-contact-form-7-contact-form-selector\">\n<div class=\"wpcf7 no-js\" id=\"wpcf7-f59-o1\" lang=\"lt-LT\" dir=\"ltr\" data-wpcf7-id=\"59\">\n<div class=\"screen-reader-response\"><p role=\"status\" aria-live=\"polite\" aria-atomic=\"true\"><\/p> <ul><\/ul><\/div>\n<form action=\"\/index.php?rest_route=%2Fwp%2Fv2%2Fpages%2F12#wpcf7-f59-o1\" method=\"post\" class=\"wpcf7-form init\" aria-label=\"Kontakt\u0173 forma\" novalidate=\"novalidate\" data-status=\"init\">\n<fieldset class=\"hidden-fields-container\"><input type=\"hidden\" name=\"_wpcf7\" value=\"59\" \/><input type=\"hidden\" name=\"_wpcf7_version\" value=\"6.1.1\" \/><input type=\"hidden\" name=\"_wpcf7_locale\" value=\"lt_LT\" \/><input type=\"hidden\" name=\"_wpcf7_unit_tag\" value=\"wpcf7-f59-o1\" \/><input type=\"hidden\" name=\"_wpcf7_container_post\" value=\"0\" \/><input type=\"hidden\" name=\"_wpcf7_posted_data_hash\" value=\"\" \/>\n<\/fieldset>\n<p><label> J\u016bs\u0173 vardas<br \/>\n<span class=\"wpcf7-form-control-wrap\" data-name=\"your-name\"><input size=\"40\" maxlength=\"400\" class=\"wpcf7-form-control wpcf7-text wpcf7-validates-as-required\" autocomplete=\"name\" aria-required=\"true\" aria-invalid=\"false\" value=\"\" type=\"text\" name=\"your-name\" \/><\/span> <\/label>\n<\/p>\n<p><label> J\u016bs\u0173 el. pa\u0161tas<br \/>\n<span class=\"wpcf7-form-control-wrap\" data-name=\"your-email\"><input size=\"40\" maxlength=\"400\" class=\"wpcf7-form-control wpcf7-email wpcf7-validates-as-required wpcf7-text wpcf7-validates-as-email\" autocomplete=\"email\" aria-required=\"true\" aria-invalid=\"false\" value=\"\" type=\"email\" name=\"your-email\" \/><\/span> <\/label>\n<\/p>\n<p><label> Tema<br \/>\n<span class=\"wpcf7-form-control-wrap\" data-name=\"your-subject\"><input size=\"40\" maxlength=\"400\" class=\"wpcf7-form-control wpcf7-text wpcf7-validates-as-required\" aria-required=\"true\" aria-invalid=\"false\" value=\"\" type=\"text\" name=\"your-subject\" \/><\/span> <\/label>\n<\/p>\n<p><label> J\u016bs\u0173 prane\u0161imas (neprivaloma)<br \/>\n<span class=\"wpcf7-form-control-wrap\" data-name=\"your-message\"><textarea cols=\"40\" rows=\"10\" maxlength=\"2000\" class=\"wpcf7-form-control wpcf7-textarea\" aria-invalid=\"false\" name=\"your-message\"><\/textarea><\/span> <\/label>\n<\/p>\n<p><input class=\"wpcf7-form-control wpcf7-submit has-spinner\" type=\"submit\" value=\"Pateikti\" \/>\n<\/p><div class=\"wpcf7-response-output\" aria-hidden=\"true\"><\/div>\n<\/form>\n<\/div>\n<\/div>\n","protected":false},"excerpt":{"rendered":"<p>Asociacija &#8222;\u0160aukli\u0173 kadagys&#8221; (\u0160aukli\u0173 kaimo kapela &#8222;Kadagys&#8221;) \u012fm.k 307160633Banko s\u0105skaita: LT937300010194280555 (Swedbank) vadovas Linas Sendrauskas +370 616 50582saukliukapela@gmail.com Mos\u0117d\u017eio g 59, \u0160aukli\u0173 km, Skuodo raj. Su mumis galite susisiekti u\u017epild\u0119 \u0161i\u0105 form\u0105.<\/p>\n","protected":false},"author":1,"featured_media":0,"parent":0,"menu_order":0,"comment_status":"closed","ping_status":"closed","template":"","meta":{"ngg_post_thumbnail":0,"footnotes":""},"class_list":["post-12","page","type-page","status-publish","hentry"],"_links":{"self":[{"href":"https:\/\/www.saukliukapela.lt\/index.php?rest_route=\/wp\/v2\/pages\/12","targetHints":{"allow":["GET"]}}],"collection":[{"href":"https:\/\/www.saukliukapela.lt\/index.php?rest_route=\/wp\/v2\/pages"}],"about":[{"href":"https:\/\/www.saukliukapela.lt\/index.php?rest_route=\/wp\/v2\/types\/page"}],"author":[{"embeddable":true,"href":"https:\/\/www.saukliukapela.lt\/index.php?rest_route=\/wp\/v2\/users\/1"}],"replies":[{"embeddable":true,"href":"https:\/\/www.saukliukapela.lt\/index.php?rest_route=%2Fwp%2Fv2%2Fcomments&post=12"}],"version-history":[{"count":10,"href":"https:\/\/www.saukliukapela.lt\/index.php?rest_route=\/wp\/v2\/pages\/12\/revisions"}],"predecessor-version":[{"id":567,"href":"https:\/\/www.saukliukapela.lt\/index.php?rest_route=\/wp\/v2\/pages\/12\/revisions\/567"}],"wp:attachment":[{"href":"https:\/\/www.saukliukapela.lt\/index.php?rest_route=%2Fwp%2Fv2%2Fmedia&parent=12"}],"curies":[{"name":"wp","href":"https:\/\/api.w.org\/{rel}","templated":true}]}}