{"id":325,"date":"2024-01-16T13:52:19","date_gmt":"2024-01-16T13:52:19","guid":{"rendered":"http:\/\/www.saukliukapela.lt\/?page_id=325"},"modified":"2026-04-16T12:47:12","modified_gmt":"2026-04-16T12:47:12","slug":"metrastis","status":"publish","type":"page","link":"https:\/\/www.saukliukapela.lt\/?page_id=325","title":{"rendered":"Metra\u0161tis"},"content":{"rendered":"\n<div class=\"wp-block-group\"><div class=\"wp-block-group__inner-container is-layout-constrained wp-block-group-is-layout-constrained\">\n<p>2025 Kovo 20   Durb\u0117 13:00 TAUTAS M\u016aZIKAS DIENA<br>2025 Vasario 15 diena, Salantai, U\u017egavien\u0117s<br>2025 Sausio 23 diena Emilijos 80 met\u0173<br>2025 Gruod\u017eio 25 diena, Mos\u0117d\u017eio ba\u017eny\u010dia, Kal\u0117dinis ryto koncertukas<br>2025 Gruod\u017eio 22 diena, \u0160ateiki\u0173 globos namai<br>2025 Gruod\u017eio 19 diena, RA dvaras, kal\u0117dinis savivaldyb\u0117s vakar\u0117lis<br>2025 Lapkri\u010dio 21, RA Dvaras Jubiliejus<br>2025 Lapkrio\u010dio 16 Ukrin\u0173 bendruomen\u0117, Ma\u017eeiki\u0173 rajonas. Ukrinams 440<br>2025 Spalio 18, \u0160aukli\u0173 bendruomen\u0117 projektas &#8222;Vaclovo Into akmen\u0173 karalyst\u0117s paslaptys&#8221;, ROMANSAI<br>2025 Spalio 11, Ka\u0161tonas. Koncertas Skuodo bendruomen\u0117s kra\u0161tui<br>2025 Rugs\u0117jo 07, Paliesi\u0173 dvaras &#8211; Europos kult\u016bros paveldo dienos \u0161vent\u0117<br>2025 Rugpj\u016b\u010dio 17 &#8211; Not\u0117nai, Obuoliniai atlaidai<br>2025 Rugpj\u016b\u010dio 15 \u2013 Punskas (Lenkija)<br>2025 Rugpj\u016b\u010dio 2 diena \u0160aukli\u0173 s\u016bri\u0173 \u0161vent\u0117<br>2025 Liepos 12 diena &#8211; Durbe (Latvija)<br>2025 liepos 3 diena &#8211; Me\u0161kui\u010diai (\u0160iauli\u0173 raj.) Kapel\u0173 \u0161vent\u0117 &#8222;O tai buvo vakari vakarai&#8230;&#8221; <br>2025 Bir\u017eelio 13 Daivut\u0117s 50<br>2025 Bir\u017eelio 13 Skuodo rajono R. Granausko vie\u0161oji biblioteka &#8222;Kas skomb \u017eemaitiu truobuo&#8221; su Loreta Sungailiene<br>2025 gegu\u017e\u0117s 17 Mos\u0117d\u017eio kavin\u0117, jubiliejus <br>2025 baland\u017eio 30 diena Mamy\u010diu dienos koncertas \u0160aukliuose (3 met\u0173 kapelos gimtadienis)<br>2025 baland\u017eio 15 diena prie\u0161velykinis koncertas Ylaki\u0173 globos namuose<br>2025 baland\u017eio 12 d Elvyros 90<br>2024 Gruod\u017eio 14d. Kal\u0117dinis koncertas seneli\u0173 namuose &#8222;Energetikas&#8221;<br>2024 Gruod\u017eio 7d. Kal\u0117dinis vakar\u0117lis &#8222;Molin\u0117je&#8221;<\/p>\n\n\n\n<p>2024 Lapkri\u010dio 23 d. Alenksandrija 16:00, &#8222;Senjor\u0173 \u0161vent\u0117&#8221;<\/p>\n\n\n\n<p>2024 Lapkri\u010dio 22 d. Tel\u0161iai 19:00 , &#8222;Jurgelio valsas&#8221;<\/p>\n\n\n\n<p>2024 Spalio 4 d. \u0160aukliai. Vakaron\u0117 &#8222;Esam truopni \u017eemaite&#8221; <\/p>\n\n\n\n<p>2024 Rugs\u0117jo 29 d. Cibulyn\u0117s \u0161vent\u0117 \u0160ateikiuose (Plung\u0117s rajonas)<\/p>\n\n\n\n<p>2024 Rugs\u0117jo 28 d. Piktui\u017eiai derliaus \u0161vent\u0117 (\u0160iauli\u0173 rajonas)<\/p>\n\n\n\n<p>2024 Rugs\u0117jo 14 d. \u017duvien\u0117s virimo \u010dempionatas, \u0160aukliai<\/p>\n\n\n\n<p>2024 Rugpj\u016b\u010dio 24 diena. Mos\u0117dis Bulvien\u0117s virimo \u010dempionatas<\/p>\n\n\n\n<p>2024 Rugpj\u016b\u010dio 3 d. \u0160aukli\u0173 S\u016bri\u0173 \u0161vent\u0117<\/p>\n\n\n\n<p>2024 Liepos 27 d. Lai\u017euva, Ma\u017eeiki\u0173 raj. &#8222;Onini\u0173 polka&#8221;<\/p>\n\n\n\n<p>2024 Bir\u017eelio 16, Kocertas Aleksandrijoje <\/p>\n\n\n\n<p>2024 Bir\u017eelio 16, Koncertas Barsty\u010diuose po Antano atlaid\u0173<\/p>\n\n\n\n<p>2024 Bir\u017eelio 1 diena, Skuodo miesto \u0161vent\u0117. Skuodo rajono kapel\u0173 pasirodymai prie meno mokyklos (Stasio polka ir Bajor\u0117lis)<\/p>\n\n\n\n<p>2024 Gegu\u017e\u0117s 3 diena, Mamy\u010di\u0173 dienos koncertas \u0160aukli\u0173 bendruomen\u0117je (2-trasis kapelos gimtadienis)<\/p>\n\n\n\n<p>2024 Baland\u017eio 20, Into sodybos krateryje Jurgin\u0173 dienos koncertas su Mos\u0117d\u017eio folkloriniu<\/p>\n\n\n\n<p>2024 Vasario 16 diena koncertas Lauk\u017eem\u0117je<\/p>\n\n\n\n<p>2024 Vasario 16 diena koncertas Gr\u016b\u0161lauk\u0117je<\/p>\n\n\n\n<p>2024 Vasario 10 diena &#8211; Mini koncertukas Ka\u0161tone <\/p>\n\n\n\n<details class=\"wp-block-details is-layout-flow wp-block-details-is-layout-flow\"><summary>2024 Sausio 5 diena &#8211; Mini koncertukas (pas Sigitos)<\/summary>\n<p><\/p>\n\n\n<\/details>\n<\/div><\/div>\n\n\n\n<div class=\"wp-block-group\"><div class=\"wp-block-group__inner-container is-layout-constrained wp-block-group-is-layout-constrained\">\n<details class=\"wp-block-details is-layout-flow wp-block-details-is-layout-flow\"><summary>2023 Gruod\u017eio 18 diena &#8222;Skuodo globos namai&#8221; &#8211; Kal\u0117dinis koncertas<\/summary>\n<p><\/p>\n\n\n\n\n\n<h2 class=\"wp-block-heading\"><\/h2>\n<\/details>\n\n\n\n<details class=\"wp-block-details is-layout-flow wp-block-details-is-layout-flow\"><summary>2023 Spalio 6 diena \u0160aukli\u0173 bendruomen\u0117s 20 metis <\/summary>\n<p><\/p>\n\n\n<\/details>\n\n\n\n<details class=\"wp-block-details is-layout-flow wp-block-details-is-layout-flow\"><summary>2023 Spalio 29 diena Barsty\u010diai &#8222;Grok nesustok&#8221; &#8211; kapel\u0173 \u0161vent\u0117<\/summary>\n<p><\/p>\n\n\n<\/details>\n\n\n\n<details class=\"wp-block-details is-layout-flow wp-block-details-is-layout-flow\"><summary>2023 Spalio 26 diena Not\u0117nai &#8211; kapel\u0173 \u0161vent\u0117<\/summary>\n<p><\/p>\n\n\n<\/details>\n\n\n\n<details class=\"wp-block-details is-layout-flow wp-block-details-is-layout-flow\"><summary>2023 Rugs\u0117jo 23 diena Tro\u0161ku\u010diai (Ma\u017eeiki\u0173 raj) <\/summary>\n<p><\/p>\n\n\n<\/details>\n\n\n\n<details class=\"wp-block-details is-layout-flow wp-block-details-is-layout-flow\"><summary>2023 Rugs\u0117jo 10 diena \u0160atramini\u0173 bendruomen\u0117s \u0161vent\u0117  <\/summary>\n<p><\/p>\n\n\n<\/details>\n\n\n\n<details class=\"wp-block-details is-layout-flow wp-block-details-is-layout-flow\"><summary>2023 Rugs\u0117jo 09 diena Seda, Sedos jurgin\u0173 \u0161vent\u0117  <\/summary>\n<p><\/p>\n<\/details>\n\n\n\n<details class=\"wp-block-details is-layout-flow wp-block-details-is-layout-flow\"><summary>2023 Rugs\u0117jo 02  Rusn\u0117.  \u017diuvien\u0117s virimo \u0161vent\u0117<\/summary>\n<p><\/p>\n\n\n\n<figure class=\"wp-block-image size-large\"><img fetchpriority=\"high\" decoding=\"async\" width=\"1024\" height=\"768\" src=\"http:\/\/www.saukliukapela.lt\/wp-content\/uploads\/2023\/11\/371909361_271810912306233_6283468066599329426_n-2-1024x768.jpg\" alt=\"\" class=\"wp-image-165\" srcset=\"https:\/\/www.saukliukapela.lt\/wp-content\/uploads\/2023\/11\/371909361_271810912306233_6283468066599329426_n-2-1024x768.jpg 1024w, https:\/\/www.saukliukapela.lt\/wp-content\/uploads\/2023\/11\/371909361_271810912306233_6283468066599329426_n-2-300x225.jpg 300w, https:\/\/www.saukliukapela.lt\/wp-content\/uploads\/2023\/11\/371909361_271810912306233_6283468066599329426_n-2-768x576.jpg 768w, https:\/\/www.saukliukapela.lt\/wp-content\/uploads\/2023\/11\/371909361_271810912306233_6283468066599329426_n-2.jpg 1493w\" sizes=\"(max-width: 1024px) 100vw, 1024px\" \/><\/figure>\n<\/details>\n\n\n\n<details class=\"wp-block-details is-layout-flow wp-block-details-is-layout-flow\"><summary>2023 Rugpj\u016b\u010dio 6 \u0160aukliai. S\u016bri\u0173 \u0161vent\u0117<\/summary>\n<p><\/p>\n\n\n<\/details>\n\n\n\n<details class=\"wp-block-details is-layout-flow wp-block-details-is-layout-flow\"><summary>2023 Liepos 31 On\u0173 \u0160vent\u0117, Kruopiai <\/summary>\n<p><\/p>\n\n\n<\/details>\n\n\n\n<details class=\"wp-block-details is-layout-flow wp-block-details-is-layout-flow\"><summary>2023 Liepos 24 G\u0117salai. Vakaru\u0161kos<\/summary>\n<p><\/p>\n\n\n<\/details>\n\n\n\n<details class=\"wp-block-details is-layout-flow wp-block-details-is-layout-flow\"><summary>2023 Liepos 22 Krak\u0117s. Vy\u0161ni\u0173 \u0161vent\u0117<\/summary>\n<p><\/p>\n\n\n<\/details>\n\n\n\n<details class=\"wp-block-details is-layout-flow wp-block-details-is-layout-flow\"><summary>2023 Liepos 14 Mos\u0117dis.  Ka\u0161tonas<\/summary>\n<p><\/p>\n\n\n<\/details>\n\n\n\n<details class=\"wp-block-details is-layout-flow wp-block-details-is-layout-flow\"><summary>2023 Liepos 2 Dauk\u0161iai. Bendruomeni\u0161kumo \u0161vent\u0117<\/summary>\n<p><\/p>\n\n\n<\/details>\n\n\n\n<details class=\"wp-block-details is-layout-flow wp-block-details-is-layout-flow\"><summary>2023 Liepos 1 Mos\u0117dis. Povilini\u0173 ir Petrini\u0173 \u0161vent\u0117<\/summary>\n<p><\/p>\n\n\n<\/details>\n\n\n\n<details class=\"wp-block-details is-layout-flow wp-block-details-is-layout-flow\"><summary>2023 Bir\u017eelio 24 Viek\u0161niai. Jonini\u0173 \u0161vent\u0117<\/summary>\n<p><\/p>\n\n\n<\/details>\n\n\n\n<details class=\"wp-block-details is-layout-flow wp-block-details-is-layout-flow\"><summary>2023 Bir\u017eelio 4 Skuodas. Skuodo 770 gimtadienis<\/summary>\n<p><\/p>\n\n\n<\/details>\n\n\n\n<details class=\"wp-block-details is-layout-flow wp-block-details-is-layout-flow\"><summary>2023 Gegu\u017e\u0117s 19 Mos\u0117dis. Dviratinink\u0173 \u0161vent\u0117<\/summary>\n<p><\/p>\n\n\n<\/details>\n\n\n\n<details class=\"wp-block-details is-layout-flow wp-block-details-is-layout-flow\"><summary>2023 Gegu\u017e\u0117s 4 \u0160aukliai. Mamos dienos koncertas. 1-masis, m\u016bs\u0173 gimtadienis ir gim\u0119s pavadinimas &#8222;Kadagys&#8221; <\/summary>\n<p><\/p>\n\n\n<\/details>\n\n\n\n<details class=\"wp-block-details is-layout-flow wp-block-details-is-layout-flow\"><summary>2023 Baland\u017eio 16. Koncertukas Aleksandrijos bendruomen\u0117je. Bugnamu\u0161io krik\u0161tas <\/summary>\n<p><\/p>\n\n\n<\/details>\n\n\n\n<details class=\"wp-block-details is-layout-flow wp-block-details-is-layout-flow\"><summary>2023 kovo 18. \u0160aukli\u0173 poilsiaviet\u0117je koncertukas. Projekto pristatymas  <\/summary>\n<p><\/p>\n\n\n<\/details>\n\n\n\n<details class=\"wp-block-details is-layout-flow wp-block-details-is-layout-flow\"><summary>2023 kovo 11. 3 koncertai. Salantuose kovo 11 ,koncertas  Tel\u0161iuose ir vakariniai \u0161okiai Mos\u0117d\u017eio &#8222;Ka\u0161tone&#8221; <\/summary>\n<p><\/p>\n\n\n<\/details>\n\n\n\n<details class=\"wp-block-details is-layout-flow wp-block-details-is-layout-flow\"><summary>2022 gruod\u017eio 18 Ylakiai, kal\u0117dinis koncertas globos namuose <\/summary>\n<p><\/p>\n\n\n<\/details>\n\n\n\n<details class=\"wp-block-details is-layout-flow wp-block-details-is-layout-flow\"><summary>2022 spalio 13 romans\u0173 vakaras Bukant\u0117je \u017demait\u0117s muziejus <\/summary>\n<p><\/p>\n\n\n<\/details>\n\n\n\n<details class=\"wp-block-details is-layout-flow wp-block-details-is-layout-flow\"><summary>2022 rugs\u0117jo 30 Grok \u017demaiti, kapel\u0173 \u0161vent\u0117 Laiviuose<\/summary>\n<p><\/p>\n\n\n<\/details>\n\n\n\n<details class=\"wp-block-details is-layout-flow wp-block-details-is-layout-flow\"><summary>2022 rugs\u0117jo 2 Vasaros palyd\u0117duv\u0117s Buknt\u0117s dvarelyje<\/summary>\n<p><\/p>\n\n\n<\/details>\n\n\n\n<details class=\"wp-block-details is-layout-flow wp-block-details-is-layout-flow\"><summary>2022 rugpj\u016b\u010dio 15 Mos\u0117dis. \u017dolini\u0173 koncertukas<\/summary>\n<p><\/p>\n\n\n<\/details>\n\n\n\n<details class=\"wp-block-details is-layout-flow wp-block-details-is-layout-flow\"><summary>2022 rugpj\u016b\u010dio 8 Koncertukas pas Onut\u0119<\/summary>\n<p><\/p>\n\n\n<\/details>\n\n\n\n<details class=\"wp-block-details is-layout-flow wp-block-details-is-layout-flow\"><summary>2022 rugpj\u016b\u010dio 7 S\u016bri\u0173 \u0161vent\u0117<\/summary>\n<p><\/p>\n\n\n<\/details>\n\n\n\n<details class=\"wp-block-details is-layout-flow wp-block-details-is-layout-flow\"><summary>2022 baland\u017eio 30 \u0160aukliai. Mamos dienos koncertas. Pirmasis pasirodymas<\/summary>\n<p><\/p>\n\n\n<\/details>\n\n\n\n<h2 class=\"wp-block-heading\"><\/h2>\n<\/div><\/div>\n","protected":false},"excerpt":{"rendered":"<p>2025 Kovo 20 Durb\u0117 13:00 TAUTAS M\u016aZIKAS DIENA2025 Vasario 15 diena, Salantai, U\u017egavien\u0117s2025 Sausio 23 diena Emilijos 80 met\u01732025 Gruod\u017eio 25 diena, Mos\u0117d\u017eio ba\u017eny\u010dia, Kal\u0117dinis ryto koncertukas2025 Gruod\u017eio 22 diena, \u0160ateiki\u0173 globos namai2025 Gruod\u017eio 19 diena, RA dvaras, kal\u0117dinis savivaldyb\u0117s vakar\u0117lis2025 Lapkri\u010dio 21, RA Dvaras Jubiliejus2025 Lapkrio\u010dio 16 Ukrin\u0173 bendruomen\u0117, Ma\u017eeiki\u0173 rajonas. Ukrinams 4402025 Spalio [&hellip;]<\/p>\n","protected":false},"author":2,"featured_media":0,"parent":0,"menu_order":0,"comment_status":"closed","ping_status":"closed","template":"","meta":{"ngg_post_thumbnail":0,"footnotes":""},"class_list":["post-325","page","type-page","status-publish","hentry"],"_links":{"self":[{"href":"https:\/\/www.saukliukapela.lt\/index.php?rest_route=\/wp\/v2\/pages\/325","targetHints":{"allow":["GET"]}}],"collection":[{"href":"https:\/\/www.saukliukapela.lt\/index.php?rest_route=\/wp\/v2\/pages"}],"about":[{"href":"https:\/\/www.saukliukapela.lt\/index.php?rest_route=\/wp\/v2\/types\/page"}],"author":[{"embeddable":true,"href":"https:\/\/www.saukliukapela.lt\/index.php?rest_route=\/wp\/v2\/users\/2"}],"replies":[{"embeddable":true,"href":"https:\/\/www.saukliukapela.lt\/index.php?rest_route=%2Fwp%2Fv2%2Fcomments&post=325"}],"version-history":[{"count":47,"href":"https:\/\/www.saukliukapela.lt\/index.php?rest_route=\/wp\/v2\/pages\/325\/revisions"}],"predecessor-version":[{"id":712,"href":"https:\/\/www.saukliukapela.lt\/index.php?rest_route=\/wp\/v2\/pages\/325\/revisions\/712"}],"wp:attachment":[{"href":"https:\/\/www.saukliukapela.lt\/index.php?rest_route=%2Fwp%2Fv2%2Fmedia&parent=325"}],"curies":[{"name":"wp","href":"https:\/\/api.w.org\/{rel}","templated":true}]}}