{"id":665,"date":"2026-02-17T11:51:43","date_gmt":"2026-02-17T11:51:43","guid":{"rendered":"https:\/\/www.saukliukapela.lt\/?page_id=665"},"modified":"2026-02-17T12:06:47","modified_gmt":"2026-02-17T12:06:47","slug":"skirkite-12-gpm-saukliu-kapelai-kadagys-asociacija-saukliu-kadagys","status":"publish","type":"page","link":"https:\/\/www.saukliukapela.lt\/?page_id=665","title":{"rendered":"Skirkite 1,2 % GPM \u0160aukli\u0173 kapelai \u201eKadagys\u201c (Asociacija &#8222;\u0160aukli\u0173 Kadagys&#8221;)"},"content":{"rendered":"\n<p>Kiekvienas dirbantis \u017emogus gali skirti <strong>1,2 % nuo jau sumok\u0117to gyventoj\u0173 pajam\u0173 mokes\u010dio (GPM)<\/strong> pasirinktai organizacijai.<\/p>\n\n\n\n<p>Skirdami 1,2 % Asociacijai \u0160aukli\u0173 \u201eKadagys\u201c, prisidedate prie:<\/p>\n\n\n\n<ul class=\"wp-block-list\">\n<li>\ud83c\udfb6 Liaudi\u0161kos muzikos puosel\u0117jimo<\/li>\n\n\n\n<li>\ud83c\udfa4 Koncert\u0173 ir rengini\u0173 organizavimo<\/li>\n\n\n\n<li>\ud83d\udc55 Tautini\u0173 kostium\u0173 ir instrument\u0173 atnaujinimo<\/li>\n\n\n\n<li>\ud83d\udc67 Jaunimo \u012ftraukimo \u012f kult\u016brin\u0119 veikl\u0105<\/li>\n\n\n\n<li>\ud83c\udf3f \u0160aukli\u0173 kra\u0161to tradicij\u0173 i\u0161saugojimo<\/li>\n<\/ul>\n\n\n\n<p>Tai Jums <strong>nieko nekainuoja<\/strong> \u2013 tai dalis J\u016bs\u0173 jau sumok\u0117to mokes\u010dio.<br><br>Instrukcija kaip skirti 1,2% Rasite <a href=\"https:\/\/site-2019898.mozfiles.com\/files\/2019898\/Kaip_skirti_GPM.pdf?1771329732\" data-type=\"link\" data-id=\"https:\/\/site-2019898.mozfiles.com\/files\/2019898\/Kaip_skirti_GPM.pdf?1771329732\">\u010cIA<\/a><\/p>\n\n\n\n<figure class=\"wp-block-image size-large is-resized\"><img decoding=\"async\" src=\"https:\/\/site-2019898.mozfiles.com\/files\/2019898\/galleries\/80917503\/thumb\/kadagys_1_2.jpg?9830753\" alt=\"\" style=\"width:614px;height:auto\"\/><\/figure>\n\n\n\n<p><br><br><br><br><br><br><\/p>\n\n\n\n<p><\/p>\n","protected":false},"excerpt":{"rendered":"<p>Kiekvienas dirbantis \u017emogus gali skirti 1,2 % nuo jau sumok\u0117to gyventoj\u0173 pajam\u0173 mokes\u010dio (GPM) pasirinktai organizacijai. Skirdami 1,2 % Asociacijai \u0160aukli\u0173 \u201eKadagys\u201c, prisidedate prie: Tai Jums nieko nekainuoja \u2013 tai dalis J\u016bs\u0173 jau sumok\u0117to mokes\u010dio. Instrukcija kaip skirti 1,2% Rasite \u010cIA<\/p>\n","protected":false},"author":2,"featured_media":0,"parent":0,"menu_order":0,"comment_status":"closed","ping_status":"closed","template":"","meta":{"ngg_post_thumbnail":0,"footnotes":""},"class_list":["post-665","page","type-page","status-publish","hentry"],"_links":{"self":[{"href":"https:\/\/www.saukliukapela.lt\/index.php?rest_route=\/wp\/v2\/pages\/665","targetHints":{"allow":["GET"]}}],"collection":[{"href":"https:\/\/www.saukliukapela.lt\/index.php?rest_route=\/wp\/v2\/pages"}],"about":[{"href":"https:\/\/www.saukliukapela.lt\/index.php?rest_route=\/wp\/v2\/types\/page"}],"author":[{"embeddable":true,"href":"https:\/\/www.saukliukapela.lt\/index.php?rest_route=\/wp\/v2\/users\/2"}],"replies":[{"embeddable":true,"href":"https:\/\/www.saukliukapela.lt\/index.php?rest_route=%2Fwp%2Fv2%2Fcomments&post=665"}],"version-history":[{"count":5,"href":"https:\/\/www.saukliukapela.lt\/index.php?rest_route=\/wp\/v2\/pages\/665\/revisions"}],"predecessor-version":[{"id":671,"href":"https:\/\/www.saukliukapela.lt\/index.php?rest_route=\/wp\/v2\/pages\/665\/revisions\/671"}],"wp:attachment":[{"href":"https:\/\/www.saukliukapela.lt\/index.php?rest_route=%2Fwp%2Fv2%2Fmedia&parent=665"}],"curies":[{"name":"wp","href":"https:\/\/api.w.org\/{rel}","templated":true}]}}