{"id":8,"date":"2023-11-02T18:58:37","date_gmt":"2023-11-02T18:58:37","guid":{"rendered":"https:\/\/www.saukliukapela.lt\/?page_id=8"},"modified":"2026-04-16T13:11:42","modified_gmt":"2026-04-16T13:11:42","slug":"artimiausi-konsertai","status":"publish","type":"page","link":"https:\/\/www.saukliukapela.lt\/?page_id=8","title":{"rendered":"Artimiausi koncertai"},"content":{"rendered":"\n<p><br><strong>Balandis<\/strong><\/p>\n\n\n\n<p>Baland\u017eio 25 diena, 14:00 &#8211; Jurgin\u0117s mokykloje<br>Baland\u017eio 25 diena, 17:00 &#8211; Ka\u0161tonas (Zuzanos-Danut\u0117s 90)<br>Baland\u017eio 26 diena, Mamy\u010di\u0173 dienos koncertas \u0160aukliuose.<br><br><br><strong>BIR\u017dELIS<\/strong><\/p>\n\n\n\n<p>2026 Bir\u017eelio 6    Skuodo \u0161vent\u0117<br>2026 Bir\u017eelio 11 ~14-15h \u017demai\u010di\u0173 s\u0105skrydis<br>2026 Bir\u017eelio 13 Gimini\u0173 susitikimas (Nepatvirtintas)<\/p>\n\n\n\n<p>2026 Bir\u017eelio 27 Romos dvaras, 90-metis (Rima)<br><br><strong>LIEPA<\/strong><br>Liepos 11, Lenkimai Med\u016bne\u0161io \u0161vent\u0117 ~18:00 (Nepatvirtintas)<\/p>\n\n\n\n<p><\/p>\n\n\n\n<p><strong>Spalis<\/strong><br>Spalio 3 diena, Ku\u017eiai (Nepatvirtinas)<\/p>\n\n\n\n<p><br><\/p>\n\n\n\n<p><\/p>\n","protected":false},"excerpt":{"rendered":"<p>Balandis Baland\u017eio 25 diena, 14:00 &#8211; Jurgin\u0117s mokyklojeBaland\u017eio 25 diena, 17:00 &#8211; Ka\u0161tonas (Zuzanos-Danut\u0117s 90)Baland\u017eio 26 diena, Mamy\u010di\u0173 dienos koncertas \u0160aukliuose. BIR\u017dELIS 2026 Bir\u017eelio 6 Skuodo \u0161vent\u01172026 Bir\u017eelio 11 ~14-15h \u017demai\u010di\u0173 s\u0105skrydis2026 Bir\u017eelio 13 Gimini\u0173 susitikimas (Nepatvirtintas) 2026 Bir\u017eelio 27 Romos dvaras, 90-metis (Rima) LIEPALiepos 11, Lenkimai Med\u016bne\u0161io \u0161vent\u0117 ~18:00 (Nepatvirtintas) SpalisSpalio 3 diena, Ku\u017eiai [&hellip;]<\/p>\n","protected":false},"author":1,"featured_media":0,"parent":0,"menu_order":0,"comment_status":"closed","ping_status":"closed","template":"","meta":{"ngg_post_thumbnail":0,"footnotes":""},"class_list":["post-8","page","type-page","status-publish","hentry"],"_links":{"self":[{"href":"https:\/\/www.saukliukapela.lt\/index.php?rest_route=\/wp\/v2\/pages\/8","targetHints":{"allow":["GET"]}}],"collection":[{"href":"https:\/\/www.saukliukapela.lt\/index.php?rest_route=\/wp\/v2\/pages"}],"about":[{"href":"https:\/\/www.saukliukapela.lt\/index.php?rest_route=\/wp\/v2\/types\/page"}],"author":[{"embeddable":true,"href":"https:\/\/www.saukliukapela.lt\/index.php?rest_route=\/wp\/v2\/users\/1"}],"replies":[{"embeddable":true,"href":"https:\/\/www.saukliukapela.lt\/index.php?rest_route=%2Fwp%2Fv2%2Fcomments&post=8"}],"version-history":[{"count":62,"href":"https:\/\/www.saukliukapela.lt\/index.php?rest_route=\/wp\/v2\/pages\/8\/revisions"}],"predecessor-version":[{"id":713,"href":"https:\/\/www.saukliukapela.lt\/index.php?rest_route=\/wp\/v2\/pages\/8\/revisions\/713"}],"wp:attachment":[{"href":"https:\/\/www.saukliukapela.lt\/index.php?rest_route=%2Fwp%2Fv2%2Fmedia&parent=8"}],"curies":[{"name":"wp","href":"https:\/\/api.w.org\/{rel}","templated":true}]}}