{"id":9,"date":"2023-11-02T18:58:38","date_gmt":"2023-11-02T18:58:38","guid":{"rendered":"https:\/\/www.saukliukapela.lt\/?page_id=9"},"modified":"2024-11-07T13:08:30","modified_gmt":"2024-11-07T13:08:30","slug":"dainu-tekstai","status":"publish","type":"page","link":"https:\/\/www.saukliukapela.lt\/?page_id=9","title":{"rendered":"Dain\u0173 tekstai"},"content":{"rendered":"\n<p>1.&nbsp;&nbsp;&nbsp;&nbsp;&nbsp;&nbsp;<a href=\"https:\/\/site-2019898.mozfiles.com\/files\/2019898\/Maza_lakstute.docx\">Ma\u017ea Lak\u0161tut\u0117<\/a><\/p>\n\n\n\n<p>2.&nbsp; &nbsp; &nbsp;&nbsp;<a href=\"https:\/\/site-2019898.mozfiles.com\/files\/2019898\/Tyliai_leidzias_pavargusi_saule.docx\">Tyliai leid\u017eias pavargusi saul\u0117<\/a><\/p>\n\n\n\n<p>3.&nbsp;&nbsp;&nbsp;&nbsp;&nbsp;&nbsp;<a href=\"https:\/\/site-2019898.mozfiles.com\/files\/2019898\/Siu_nakteli.docx\">\u0160i\u0173 naktel\u012f<\/a><\/p>\n\n\n\n<p>4.&nbsp;&nbsp;&nbsp;&nbsp;&nbsp;&nbsp;<a href=\"https:\/\/site-2019898.mozfiles.com\/files\/2019898\/Mazas_mazas_staleliukas.docx?1684759268\">Ma\u017eas staleliukas<\/a><\/p>\n\n\n\n<p>5.&nbsp;&nbsp;&nbsp;&nbsp;&nbsp;&nbsp;<a href=\"https:\/\/site-2019898.mozfiles.com\/files\/2019898\/As_pamilau_lauko_gele.pdf\">A\u0161 pamilau lauko g\u0117l\u0119<\/a><\/p>\n\n\n\n<p>6.&nbsp;&nbsp;&nbsp;&nbsp;&nbsp;&nbsp;<a href=\"https:\/\/site-2019898.mozfiles.com\/files\/2019898\/Susigundziau.pdf\">Susigund\u017eiau<\/a><\/p>\n\n\n\n<p>7.&nbsp;&nbsp;&nbsp;&nbsp;&nbsp;&nbsp;<a href=\"https:\/\/site-2019898.mozfiles.com\/files\/2019898\/Jazminai.pdf\">Jazminai<\/a><\/p>\n\n\n\n<p>8.&nbsp; &nbsp;<a href=\"https:\/\/site-2019898.mozfiles.com\/files\/2019898\/Zemej_Lietuvos.pdf\">\u017dem\u0117j Lietuvos<\/a><\/p>\n\n\n\n<p>9.&nbsp; &nbsp;&nbsp;<a href=\"https:\/\/site-2019898.mozfiles.com\/files\/2019898\/Raudona_saule_nusleido.pdf\">Raudona saule nusleido<\/a><\/p>\n\n\n\n<p>10.&nbsp; &nbsp;<a href=\"https:\/\/site-2019898.mozfiles.com\/files\/2019898\/Yra_laime_siam_pasauly.pdf\">Yra laim\u0117 \u0161iam pasauly<\/a><\/p>\n\n\n\n<p>11.&nbsp; &nbsp;<a href=\"https:\/\/site-2019898.mozfiles.com\/files\/2019898\/Pilnos_pievos_geliu_raudonuju.pdf\">Pilnos pievos g\u0117li\u0173<\/a><\/p>\n\n\n\n<p>12.&nbsp; &nbsp;<a href=\"https:\/\/site-2019898.mozfiles.com\/files\/2019898\/Kol_dar_matau_medzius.pdf\">Kol dar matau med\u017eius<\/a><\/p>\n\n\n\n<p>13.&nbsp; &nbsp;<a href=\"https:\/\/site-2019898.mozfiles.com\/files\/2019898\/Ei_dzium_dzium.pdf\">Ei d\u017eium d\u017eium<\/a><\/p>\n\n\n\n<p>14.&nbsp; &nbsp;<a href=\"https:\/\/site-2019898.mozfiles.com\/files\/2019898\/Ateisiu.pdf\">Ateisiu, Mergu\u017e\u0117le, ateisiu<\/a><\/p>\n\n\n\n<p>15.&nbsp;<a href=\"https:\/\/site-2019898.mozfiles.com\/files\/2019898\/Jurgutes_Romansas.pdf\">Jurgut\u0117s romansas<\/a><\/p>\n\n\n\n<p>16.&nbsp;<a href=\"https:\/\/site-2019898.mozfiles.com\/files\/2019898\/Tyliai_banguoja_jura.pdf\">Tyliai Bnaguoja j\u016bra<\/a><\/p>\n\n\n\n<p>17.&nbsp;<a href=\"https:\/\/site-2019898.mozfiles.com\/files\/2019898\/Parasyk_man_kaip_moki_tik_tu.pdf\">Para\u0161yk man kaip moki tik tu<\/a><\/p>\n\n\n\n<p>18.&nbsp;<a href=\"https:\/\/site-2019898.mozfiles.com\/files\/2019898\/Laiskelis_-_Seduvos_bernu.pdf\">Lai\u0161kelis<\/a><\/p>\n\n\n\n<p>22.&nbsp;<a href=\"https:\/\/site-2019898.mozfiles.com\/files\/2019898\/Mes_isliksim_jauni_jauni.pdf\">Mes i\u0161liksim jauni jauni<\/a><\/p>\n\n\n\n<p>23.&nbsp;<a href=\"https:\/\/site-2019898.mozfiles.com\/files\/2019898\/VAKARUSKOS.pdf\">Vakaru\u0161kos<\/a><\/p>\n\n\n\n<p>24.&nbsp;<a href=\"https:\/\/site-2019898.mozfiles.com\/files\/2019898\/Kadais_palei_melyna_jura.pdf\">Kadais palei m\u0117lyn\u0105 j\u016br\u0105<\/a><\/p>\n\n\n\n<p>25.&nbsp;<a href=\"https:\/\/site-2019898.mozfiles.com\/files\/2019898\/Aust_ausrele.pdf\">Au\u0161t Au\u0161rel\u0117<\/a><\/p>\n\n\n\n<p>26.&nbsp;<a href=\"https:\/\/site-2019898.mozfiles.com\/files\/2019898\/Ridig_dai.pdf\">Ridig dai, Ridig Do&nbsp;<\/a><\/p>\n\n\n\n<p>27.&nbsp;<a href=\"https:\/\/site-2019898.mozfiles.com\/files\/2019898\/GRIES_Armonika_vakara_tylu.pdf\">Grie\u0161 Armonika<\/a><\/p>\n\n\n\n<p>28.&nbsp;<a href=\"https:\/\/site-2019898.mozfiles.com\/files\/2019898\/UZEIK.pdf\">U\u017eeik<\/a>&nbsp;<\/p>\n\n\n\n<p>29.&nbsp;<a href=\"https:\/\/site-2019898.mozfiles.com\/files\/2019898\/YRA_LAIME_SIAM_Pasauly.pdf\">Yra laim\u0117 \u0161iam pasauly<\/a><\/p>\n\n\n\n<p>30.&nbsp;<a href=\"https:\/\/site-2019898.mozfiles.com\/files\/2019898\/musu_kaimas.pdf\">M\u016bs\u0173 kaimas<\/a>&nbsp;<\/p>\n\n\n\n<p>31.&nbsp;<a href=\"https:\/\/site-2019898.mozfiles.com\/files\/2019898\/Sleiva_Kreiva_Karve.pdf\">\u0160leiva kreiva karv\u0117<\/a><\/p>\n\n\n\n<p>32.&nbsp;<a href=\"https:\/\/site-2019898.mozfiles.com\/files\/2019898\/Piemenaite_.pdf\">Piemenait\u0117&nbsp;<\/a><\/p>\n\n\n\n<p>33.&nbsp;<a href=\"https:\/\/site-2019898.mozfiles.com\/files\/2019898\/TIK_PIENES_PUKAS.pdf\">Tik Pien\u0117s p\u016bkas<\/a><\/p>\n\n\n\n<p>34.&nbsp;<a href=\"https:\/\/site-2019898.mozfiles.com\/files\/2019898\/Senelio_armonika.pdf\">Grok, Armonika&nbsp;<\/a><\/p>\n\n\n\n<p>35. Bajor\u0117lis<\/p>\n\n\n\n<p>36.&nbsp;<a href=\"https:\/\/site-2019898.mozfiles.com\/files\/2019898\/Zemej_Lietuvos_azuolai_zaliuos.pdf\">\u017dem\u0117j Lietuvos<\/a><\/p>\n\n\n\n<p>37.&nbsp;<a href=\"https:\/\/site-2019898.mozfiles.com\/files\/2019898\/JURGI_JURGI_EIK_NAMO_zodziai.pdf\">Jurgi, Jurgi Eik namo<\/a><\/p>\n\n\n\n<p>38.&nbsp;<a href=\"https:\/\/site-2019898.mozfiles.com\/files\/2019898\/Uz_jurems.pdf\">U\u017e j\u016br\u0117ms, u\u017e mar\u0117ms<\/a><\/p>\n\n\n\n<p>39. Man palink\u0117ki ger\u0173 kal\u0117d\u0173<\/p>\n\n\n\n<p>40.&nbsp;<a href=\"https:\/\/site-2019898.mozfiles.com\/files\/2019898\/Daug_Daug_Daineliu.docx\">Daug daug daineli\u0173<\/a><\/p>\n\n\n\n<p>41.&nbsp;<a href=\"https:\/\/site-2019898.mozfiles.com\/files\/2019898\/PABUCIUOK_TU_MANE.docx\">Pabu\u010diuoki tu mane<\/a><\/p>\n\n\n\n<p>42.&nbsp;<a href=\"https:\/\/site-2019898.mozfiles.com\/files\/2019898\/Ir-kas-per-velns-ta-meile-yr-koreguota.doc\">Ir kas per velns ta meil\u0117 yr (\u017demaiti\u0161kas pavasaris)<\/a><\/p>\n\n\n\n<p>43.&nbsp;<a href=\"https:\/\/site-2019898.mozfiles.com\/files\/2019898\/Tenai_uz_silo.docx\">Tenai u\u017e \u0161ilo<\/a><\/p>\n\n\n\n<p>44.&nbsp;<a href=\"https:\/\/site-2019898.mozfiles.com\/files\/2019898\/Musu-dienoskaip-svente.pdf\">M\u016bs\u0173 dienos kaip \u0161vent\u0117<\/a><\/p>\n\n\n\n<p>46.&nbsp;<a href=\"https:\/\/site-2019898.mozfiles.com\/files\/2019898\/Gromatele_parasiau.pdf\">Gromat\u0117l\u0119 para\u0161iau<\/a><\/p>\n\n\n\n<p>47.&nbsp;<a href=\"https:\/\/site-2019898.mozfiles.com\/files\/2019898\/TIE_MERGELES_PAZADAI.pdf\">Tie mergel\u0117s pa\u017eadai<\/a><\/p>\n\n\n\n<p>48.&nbsp;<a href=\"https:\/\/site-2019898.mozfiles.com\/files\/2019898\/Prie_Gintaro_Juros.pdf?1729249072\">Pire Gintaro j\u016bros<\/a><\/p>\n\n\n\n<p>49.&nbsp;<a href=\"https:\/\/site-2019898.mozfiles.com\/files\/2019898\/Avieciavo_po_sileli.pdf\">Avie\u010diavo po \u0161ilel\u012f<\/a><\/p>\n","protected":false},"excerpt":{"rendered":"<p>1.&nbsp;&nbsp;&nbsp;&nbsp;&nbsp;&nbsp;Ma\u017ea Lak\u0161tut\u0117 2.&nbsp; &nbsp; &nbsp;&nbsp;Tyliai leid\u017eias pavargusi saul\u0117 3.&nbsp;&nbsp;&nbsp;&nbsp;&nbsp;&nbsp;\u0160i\u0173 naktel\u012f 4.&nbsp;&nbsp;&nbsp;&nbsp;&nbsp;&nbsp;Ma\u017eas staleliukas 5.&nbsp;&nbsp;&nbsp;&nbsp;&nbsp;&nbsp;A\u0161 pamilau lauko g\u0117l\u0119 6.&nbsp;&nbsp;&nbsp;&nbsp;&nbsp;&nbsp;Susigund\u017eiau 7.&nbsp;&nbsp;&nbsp;&nbsp;&nbsp;&nbsp;Jazminai 8.&nbsp; &nbsp;\u017dem\u0117j Lietuvos 9.&nbsp; &nbsp;&nbsp;Raudona saule nusleido 10.&nbsp; &nbsp;Yra laim\u0117 \u0161iam pasauly 11.&nbsp; &nbsp;Pilnos pievos g\u0117li\u0173 12.&nbsp; &nbsp;Kol dar matau med\u017eius 13.&nbsp; &nbsp;Ei d\u017eium d\u017eium 14.&nbsp; &nbsp;Ateisiu, Mergu\u017e\u0117le, ateisiu 15.&nbsp;Jurgut\u0117s romansas 16.&nbsp;Tyliai Bnaguoja j\u016bra 17.&nbsp;Para\u0161yk man kaip [&hellip;]<\/p>\n","protected":false},"author":1,"featured_media":0,"parent":0,"menu_order":0,"comment_status":"closed","ping_status":"closed","template":"","meta":{"ngg_post_thumbnail":0,"footnotes":""},"class_list":["post-9","page","type-page","status-publish","hentry"],"_links":{"self":[{"href":"https:\/\/www.saukliukapela.lt\/index.php?rest_route=\/wp\/v2\/pages\/9","targetHints":{"allow":["GET"]}}],"collection":[{"href":"https:\/\/www.saukliukapela.lt\/index.php?rest_route=\/wp\/v2\/pages"}],"about":[{"href":"https:\/\/www.saukliukapela.lt\/index.php?rest_route=\/wp\/v2\/types\/page"}],"author":[{"embeddable":true,"href":"https:\/\/www.saukliukapela.lt\/index.php?rest_route=\/wp\/v2\/users\/1"}],"replies":[{"embeddable":true,"href":"https:\/\/www.saukliukapela.lt\/index.php?rest_route=%2Fwp%2Fv2%2Fcomments&post=9"}],"version-history":[{"count":11,"href":"https:\/\/www.saukliukapela.lt\/index.php?rest_route=\/wp\/v2\/pages\/9\/revisions"}],"predecessor-version":[{"id":503,"href":"https:\/\/www.saukliukapela.lt\/index.php?rest_route=\/wp\/v2\/pages\/9\/revisions\/503"}],"wp:attachment":[{"href":"https:\/\/www.saukliukapela.lt\/index.php?rest_route=%2Fwp%2Fv2%2Fmedia&parent=9"}],"curies":[{"name":"wp","href":"https:\/\/api.w.org\/{rel}","templated":true}]}}